{"id":599,"date":"2025-09-17T03:17:53","date_gmt":"2025-09-17T07:17:53","guid":{"rendered":"https:\/\/francovotes.com\/?page_id=599"},"modified":"2025-09-22T00:39:08","modified_gmt":"2025-09-22T04:39:08","slug":"contactez-nous","status":"publish","type":"page","link":"https:\/\/francovotes.com\/en\/contactez-nous\/","title":{"rendered":"Contact"},"content":{"rendered":"\n<figure class=\"wp-block-image size-large\"><img loading=\"lazy\" decoding=\"async\" width=\"1024\" height=\"379\" src=\"https:\/\/francovotes.com\/wp-content\/uploads\/2025\/09\/FRANCO-VOTES-ban-facebook-2-1024x379.jpg\" alt=\"\" class=\"wp-image-847\" srcset=\"https:\/\/francovotes.com\/wp-content\/uploads\/2025\/09\/FRANCO-VOTES-ban-facebook-2-1024x379.jpg 1024w, https:\/\/francovotes.com\/wp-content\/uploads\/2025\/09\/FRANCO-VOTES-ban-facebook-2-300x111.jpg 300w, https:\/\/francovotes.com\/wp-content\/uploads\/2025\/09\/FRANCO-VOTES-ban-facebook-2-768x284.jpg 768w, https:\/\/francovotes.com\/wp-content\/uploads\/2025\/09\/FRANCO-VOTES-ban-facebook-2-1536x568.jpg 1536w, https:\/\/francovotes.com\/wp-content\/uploads\/2025\/09\/FRANCO-VOTES-ban-facebook-2-2048x758.jpg 2048w, https:\/\/francovotes.com\/wp-content\/uploads\/2025\/09\/FRANCO-VOTES-ban-facebook-2-18x7.jpg 18w\" sizes=\"auto, (max-width: 1024px) 100vw, 1024px\" \/><\/figure>\n\n\n\n<p class=\"has-text-align-center\">Contactez-nous pour obtenir toutes les informations n\u00e9cessaires et d\u00e9couvrir comment vous impliquer concr\u00e8tement ?<\/p>\n\n\n\n<p class=\"has-text-align-center\">info@francovotes.com<\/p>\n\n\n<p>[wpforms id=\u00a0\u00bb663&Prime; title=\u00a0\u00bbfalse\u00a0\u00bb]<\/p>\n\n\n\n<div style=\"height:50px\" aria-hidden=\"true\" class=\"wp-block-spacer\"><\/div>\n","protected":false},"excerpt":{"rendered":"<p>Contactez-nous pour obtenir toutes les informations n\u00e9cessaires et d\u00e9couvrir comment vous impliquer concr\u00e8tement ? info@francovotes.com<\/p>","protected":false},"author":1,"featured_media":983,"parent":0,"menu_order":0,"comment_status":"closed","ping_status":"closed","template":"page-with-no-sidebar","meta":{"footnotes":""},"class_list":["post-599","page","type-page","status-publish","has-post-thumbnail","hentry"],"_links":{"self":[{"href":"https:\/\/francovotes.com\/en\/wp-json\/wp\/v2\/pages\/599","targetHints":{"allow":["GET"]}}],"collection":[{"href":"https:\/\/francovotes.com\/en\/wp-json\/wp\/v2\/pages"}],"about":[{"href":"https:\/\/francovotes.com\/en\/wp-json\/wp\/v2\/types\/page"}],"author":[{"embeddable":true,"href":"https:\/\/francovotes.com\/en\/wp-json\/wp\/v2\/users\/1"}],"replies":[{"embeddable":true,"href":"https:\/\/francovotes.com\/en\/wp-json\/wp\/v2\/comments?post=599"}],"version-history":[{"count":32,"href":"https:\/\/francovotes.com\/en\/wp-json\/wp\/v2\/pages\/599\/revisions"}],"predecessor-version":[{"id":848,"href":"https:\/\/francovotes.com\/en\/wp-json\/wp\/v2\/pages\/599\/revisions\/848"}],"wp:featuredmedia":[{"embeddable":true,"href":"https:\/\/francovotes.com\/en\/wp-json\/wp\/v2\/media\/983"}],"wp:attachment":[{"href":"https:\/\/francovotes.com\/en\/wp-json\/wp\/v2\/media?parent=599"}],"curies":[{"name":"wp","href":"https:\/\/api.w.org\/{rel}","templated":true}]}}